{"id":6,"date":"2021-10-31T10:57:48","date_gmt":"2021-10-31T10:57:48","guid":{"rendered":"https:\/\/inet-tv.net\/?page_id=6"},"modified":"2021-10-31T11:00:49","modified_gmt":"2021-10-31T11:00:49","slug":"roulette-systeme-und-beste-strategien-arbeitstrick-und-gewinnplan","status":"publish","type":"page","link":"https:\/\/inet-tv.net\/","title":{"rendered":"Roulette-Systeme und beste Strategien: Arbeitstrick und Gewinnplan"},"content":{"rendered":"\n<figure class=\"wp-block-image size-large\"><img loading=\"lazy\" width=\"610\" height=\"385\" src=\"https:\/\/inet-tv.net\/wp-content\/uploads\/2021\/10\/2606032.jpg\" alt=\"\" class=\"wp-image-10\" srcset=\"https:\/\/inet-tv.net\/wp-content\/uploads\/2021\/10\/2606032.jpg 610w, https:\/\/inet-tv.net\/wp-content\/uploads\/2021\/10\/2606032-300x189.jpg 300w\" sizes=\"(max-width: 610px) 100vw, 610px\" \/><\/figure>\n\n\n\n<p>Roulette ist seit Anfang des 17. Jahrhunderts ein weltweit bekanntes Gl\u00fccksspiel, das heute auch online die Menschen fasziniert. Auch in Deutschland gibt es kaum ein Casino, das nicht zumindest ein paar Roulettetische im Angebot hat, wobei nat\u00fcrlich vor allem im Live-Casino-Bereich interessante Optionen zu finden sind. Aber auch im Bereich der Spielautomaten, die in den Nachbarl\u00e4ndern \u00d6sterreich und Schweiz, aber auch weltweit beliebt sind, gibt es viele abwechslungsreiche M\u00f6glichkeiten.<\/p>\n\n\n\n<p>Der tiefere Sinn des Roulettespiels ist neben dem Spa\u00df am Spiel nat\u00fcrlich auch die Tatsache, dass man gerne Geld gewinnen m\u00f6chte.<\/p>\n\n\n\n<h2>Wer tr\u00e4umt nicht davon, mit einem einfachen System schnell zum Roulette-Million\u00e4r zu werden?<\/h2>\n\n\n\n<figure class=\"wp-block-image size-large\"><img loading=\"lazy\" width=\"610\" height=\"385\" src=\"https:\/\/inet-tv.net\/wp-content\/uploads\/2021\/10\/2594415.jpg\" alt=\"\" class=\"wp-image-11\" srcset=\"https:\/\/inet-tv.net\/wp-content\/uploads\/2021\/10\/2594415.jpg 610w, https:\/\/inet-tv.net\/wp-content\/uploads\/2021\/10\/2594415-300x189.jpg 300w\" sizes=\"(max-width: 610px) 100vw, 610px\" \/><\/figure>\n\n\n\n<p>Zu diesem Zweck wurden im Laufe der Zeit, genauer gesagt seit mehr als 250 Jahren, viele Strategien entwickelt, von denen unser Expertenteam einige der bekanntesten f\u00fcr die Spieler n\u00e4her unter die Lupe genommen hat. Die Anwendung ist nicht illegal, aber wer eine 100%ige Sicherheit sucht, wird leider entt\u00e4uscht, denn ein perfektes Roulettesystem gibt es auch 2019 noch nicht.<\/p>\n\n\n\n<h2>Eine Strategie f\u00fcr Roulette? Verschiedene Tipps sind seit Jahren bekannt<\/h2>\n\n\n\n<p>Roulette Strategien er\u00f6ffnen interessante M\u00f6glichkeiten, das Spiel mit etwas Finesse und \u00dcberlegung zu beeinflussen. Obwohl Roulette auch ein Gl\u00fccksspiel ist, sind einige Taktiken einen Blick und einen Versuch wert, denn durch Strategien und Setzm\u00f6glichkeiten kann man die statistischen Wahrscheinlichkeiten der prozentualen Gewinnchancen beim Roulette ein wenig ausnutzen.<\/p>\n\n\n\n<p>Roulettesysteme, die funktionieren, gibt es nicht mit 100%iger Sicherheit, denn der Zufallsgenerator des Casinos kann hier immer wieder einen Strich durch die Rechnung machen. Andererseits geben einige Techniken dem Spieler eine gewisse Sicherheit im Spielverlauf, was sich auch auf die sehr wichtige Budgetverwaltung auswirkt, die bei einem Online-Spiel wie Roulette eine gro\u00dfe Rolle spielt.<\/p>\n\n\n\n<p>In jedem Fall ist es ratsam, ein neues Roulette-Gewinnsystem zun\u00e4chst in kostenlosen Spielen an einem Spielautomaten auf unserer Seite auszuprobieren. So k\u00f6nnen Sie die Funktionen verinnerlichen und auch einsch\u00e4tzen, ob diese Strategie f\u00fcr Ihren pers\u00f6nlichen Spielstil die richtige ist.<\/p>\n\n\n\n<p>Es wurden bereits viele Studien zu diesem Thema durchgef\u00fchrt, einige davon mit Langzeitstudien und mit dem Einsatz eines bestimmten Betrages. Auch wenn diese Ergebnisse nat\u00fcrlich keine wissenschaftliche Aussagekraft haben, so zeigten sie doch oft, dass Spieler mit einem System oft bessere Ergebnisse erzielten. Ob dies an der Struktur oder am System selbst liegt, bleibt fraglich.<\/p>\n\n\n\n<p>Hier sind einige der bekanntesten Roulettesysteme, die die Frage &#8220;Wie gewinnt man beim Roulette?&#8221; zumindest teilweise erhellen und dem interessierten Spieler M\u00f6glichkeiten aufzeigen, die er auf unserer Seite kostenlos testen kann, um sie kennen zu lernen.<\/p>\n","protected":false},"excerpt":{"rendered":"<p>Roulette ist seit Anfang des 17. Jahrhunderts ein weltweit bekanntes Gl\u00fccksspiel, das heute auch online die Menschen fasziniert. Auch in Deutschland gibt es kaum ein Casino, das nicht zumindest ein paar Roulettetische im Angebot hat, wobei nat\u00fcrlich vor allem im Live-Casino-Bereich interessante Optionen zu finden sind. Aber auch im Bereich der Spielautomaten, die in den [&hellip;]<\/p>\n","protected":false},"author":1,"featured_media":0,"parent":0,"menu_order":0,"comment_status":"closed","ping_status":"closed","template":"","meta":[],"_links":{"self":[{"href":"https:\/\/inet-tv.net\/index.php?rest_route=\/wp\/v2\/pages\/6"}],"collection":[{"href":"https:\/\/inet-tv.net\/index.php?rest_route=\/wp\/v2\/pages"}],"about":[{"href":"https:\/\/inet-tv.net\/index.php?rest_route=\/wp\/v2\/types\/page"}],"author":[{"embeddable":true,"href":"https:\/\/inet-tv.net\/index.php?rest_route=\/wp\/v2\/users\/1"}],"replies":[{"embeddable":true,"href":"https:\/\/inet-tv.net\/index.php?rest_route=%2Fwp%2Fv2%2Fcomments&post=6"}],"version-history":[{"count":2,"href":"https:\/\/inet-tv.net\/index.php?rest_route=\/wp\/v2\/pages\/6\/revisions"}],"predecessor-version":[{"id":12,"href":"https:\/\/inet-tv.net\/index.php?rest_route=\/wp\/v2\/pages\/6\/revisions\/12"}],"wp:attachment":[{"href":"https:\/\/inet-tv.net\/index.php?rest_route=%2Fwp%2Fv2%2Fmedia&parent=6"}],"curies":[{"name":"wp","href":"https:\/\/api.w.org\/{rel}","templated":true}]}}